{"id":49,"date":"2024-05-13T10:11:52","date_gmt":"2024-05-13T09:11:52","guid":{"rendered":"https:\/\/romtur-poctefa.eu\/?page_id=49"},"modified":"2025-06-09T08:42:06","modified_gmt":"2025-06-09T07:42:06","slug":"quienes-somos-2","status":"publish","type":"page","link":"https:\/\/romtur-poctefa.eu\/?page_id=49","title":{"rendered":"Qui\u00e9nes somos"},"content":{"rendered":"\n<div class=\"wp-block-columns is-layout-flex wp-container-core-columns-is-layout-28f84493 wp-block-columns-is-layout-flex\">\n<div class=\"wp-block-column is-layout-flow wp-block-column-is-layout-flow\" style=\"flex-basis:20.3%\">\n<figure class=\"wp-block-image size-full\"><a href=\"https:\/\/udl.cat\" target=\"_blank\" rel=\"noopener\"><img loading=\"lazy\" decoding=\"async\" width=\"120\" height=\"120\" src=\"https:\/\/romtur-poctefa.eu\/wp-content\/uploads\/2024\/07\/logo120UDL.jpg\" alt=\"\" class=\"wp-image-311\"\/><\/a><\/figure>\n<\/div>\n\n\n\n<div class=\"wp-block-column is-layout-flow wp-block-column-is-layout-flow\" style=\"flex-basis:80%\">\n<p>Flocel Sabat\u00e9, coordinador<\/p>\n\n\n\n<p>Gemma Carnis\u00e9<\/p>\n\n\n\n<p>Mart\u00ed Vilamaj\u00f3<\/p>\n\n\n\n<p>Clara Renedo<\/p>\n\n\n\n<p>Francesc Fit\u00e9<\/p>\n\n\n\n<p>Jordi Bol\u00f3s<\/p>\n\n\n\n<p>Joan Busqueta<\/p>\n\n\n\n<p>Nayra Llonch<\/p>\n\n\n\n<p>Anna Aguil\u00e0, t\u00e9cnica de gesti\u00f3n<br><br><\/p>\n<\/div>\n<\/div>\n\n\n\n<div class=\"wp-block-columns is-layout-flex wp-container-core-columns-is-layout-28f84493 wp-block-columns-is-layout-flex\">\n<div class=\"wp-block-column is-layout-flow wp-block-column-is-layout-flow\" style=\"flex-basis:20.3%\">\n<figure class=\"wp-block-image size-full\"><a href=\"https:\/\/web.ub.edu\/web\/ub\/\" target=\"_blank\" rel=\"noreferrer noopener\"><img loading=\"lazy\" decoding=\"async\" width=\"120\" height=\"120\" src=\"https:\/\/romtur-poctefa.eu\/wp-content\/uploads\/2024\/07\/logo120UB.jpg\" alt=\"\" class=\"wp-image-315\"\/><\/a><\/figure>\n<\/div>\n\n\n\n<div class=\"wp-block-column is-layout-flow wp-block-column-is-layout-flow\" style=\"flex-basis:80%\">\n<p>Daniel Pi\u00f1ol, coordinador<\/p>\n\n\n\n<p>Mireia Comas<\/p>\n\n\n\n<p>Jaume Marc\u00e9<\/p>\n\n\n\n<p>Josep Querol, t\u00e9cnico de gesti\u00f3n<br><br><\/p>\n<\/div>\n<\/div>\n\n\n\n<div class=\"wp-block-columns is-layout-flex wp-container-core-columns-is-layout-28f84493 wp-block-columns-is-layout-flex\">\n<div class=\"wp-block-column is-layout-flow wp-block-column-is-layout-flow\" style=\"flex-basis:20.3%\">\n<figure class=\"wp-block-image size-full\"><a href=\"https:\/\/www.univ-perp.fr\/\" target=\"_blank\" rel=\"noreferrer noopener\"><img loading=\"lazy\" decoding=\"async\" width=\"120\" height=\"120\" src=\"https:\/\/romtur-poctefa.eu\/wp-content\/uploads\/2024\/07\/logo120UPVD.jpg\" alt=\"\" class=\"wp-image-312\"\/><\/a><\/figure>\n<\/div>\n\n\n\n<div class=\"wp-block-column is-layout-flow wp-block-column-is-layout-flow\" style=\"flex-basis:80%\">\n<p>Caroline Barrau, coordinadora<\/p>\n\n\n\n<p>Romain Saguer<\/p>\n\n\n\n<p>Virginie Soulier<\/p>\n\n\n\n<p>Esteban Castaner<\/p>\n\n\n\n<p>Michel Desmier<\/p>\n\n\n\n<p>Emmanuelle Sarrazin<\/p>\n\n\n\n<p>Audrey Pages, t\u00e9cnica de gesti\u00f3n<br><br><\/p>\n<\/div>\n<\/div>\n\n\n\n<div class=\"wp-block-columns is-layout-flex wp-container-core-columns-is-layout-28f84493 wp-block-columns-is-layout-flex\">\n<div class=\"wp-block-column is-layout-flow wp-block-column-is-layout-flow\" style=\"flex-basis:20.3%\">\n<figure class=\"wp-block-image size-full\"><a href=\"https:\/\/www.iec.cat\/\" target=\"_blank\" rel=\"noreferrer noopener\"><img loading=\"lazy\" decoding=\"async\" width=\"120\" height=\"120\" src=\"https:\/\/romtur-poctefa.eu\/wp-content\/uploads\/2024\/07\/logo120IEC.jpg\" alt=\"\" class=\"wp-image-316\"\/><\/a><\/figure>\n<\/div>\n\n\n\n<div class=\"wp-block-column is-layout-flow wp-block-column-is-layout-flow\" style=\"flex-basis:80%\">\n<p>Ignasi Baiges<\/p>\n\n\n\n<p>Kimberly Katte, t\u00e9cnica<br><br><\/p>\n<\/div>\n<\/div>\n\n\n\n<div class=\"wp-block-columns is-layout-flex wp-container-core-columns-is-layout-28f84493 wp-block-columns-is-layout-flex\">\n<div class=\"wp-block-column is-layout-flow wp-block-column-is-layout-flow\" style=\"flex-basis:20.3%\">\n<figure class=\"wp-block-image size-full\"><a href=\"https:\/\/www.catalunyarural.cat\/\" target=\"_blank\" rel=\"noreferrer noopener\"><img loading=\"lazy\" decoding=\"async\" width=\"120\" height=\"120\" src=\"https:\/\/romtur-poctefa.eu\/wp-content\/uploads\/2024\/07\/logo120TURALCAT.jpg\" alt=\"\" class=\"wp-image-317\"\/><\/a><\/figure>\n<\/div>\n\n\n\n<div class=\"wp-block-column is-layout-flow wp-block-column-is-layout-flow\" style=\"flex-basis:80%\">\n<p><br>Montserrat Cober\u00f3<br><br><br><\/p>\n<\/div>\n<\/div>\n\n\n\n<div class=\"wp-block-columns is-layout-flex wp-container-core-columns-is-layout-28f84493 wp-block-columns-is-layout-flex\">\n<div class=\"wp-block-column is-layout-flow wp-block-column-is-layout-flow\" style=\"flex-basis:20.3%\">\n<figure class=\"wp-block-image size-full is-resized\"><a href=\"https:\/\/www.pyrenees-orientales.cci.fr\/\" target=\"_blank\" rel=\"noreferrer noopener\"><img loading=\"lazy\" decoding=\"async\" width=\"120\" height=\"120\" src=\"https:\/\/romtur-poctefa.eu\/wp-content\/uploads\/2024\/07\/logo120CCI-PYRE.jpg\" alt=\"\" class=\"wp-image-318\" style=\"width:147px;height:auto\"\/><\/a><\/figure>\n<\/div>\n\n\n\n<div class=\"wp-block-column is-layout-flow wp-block-column-is-layout-flow\" style=\"flex-basis:80%\">\n<p>Marion Cuffy, coordinadora<\/p>\n\n\n\n<p>Delphine Gomez<\/p>\n\n\n\n<p>Cyril Vanroye<\/p>\n\n\n\n<p>Sophia Gavault<br><br><\/p>\n<\/div>\n<\/div>\n\n\n\n<div class=\"wp-block-columns is-layout-flex wp-container-core-columns-is-layout-28f84493 wp-block-columns-is-layout-flex\">\n<div class=\"wp-block-column is-layout-flow wp-block-column-is-layout-flow\" style=\"flex-basis:20.3%\">\n<figure class=\"wp-block-image size-full\"><a href=\"https:\/\/aspres-thuir.com\/\" target=\"_blank\" rel=\"noreferrer noopener\"><img loading=\"lazy\" decoding=\"async\" width=\"120\" height=\"120\" src=\"https:\/\/romtur-poctefa.eu\/wp-content\/uploads\/2024\/07\/logo120APRES-THUIR.jpg\" alt=\"\" class=\"wp-image-319\"\/><\/a><\/figure>\n<\/div>\n\n\n\n<div class=\"wp-block-column is-layout-flow wp-block-column-is-layout-flow\" style=\"flex-basis:80%\">\n<p>Pascale Doutre, coordinadora<\/p>\n\n\n\n<p>Laurence Gaillet<\/p>\n\n\n\n<p>Aur\u00e9lie Sicart<br><br><\/p>\n<\/div>\n<\/div>\n","protected":false},"excerpt":{"rendered":"<p>Flocel Sabat\u00e9, coordinador Gemma Carnis\u00e9 Mart\u00ed Vilamaj\u00f3 Clara Renedo Francesc<\/p>\n","protected":false},"author":1,"featured_media":0,"parent":0,"menu_order":0,"comment_status":"closed","ping_status":"closed","template":"","meta":{"footnotes":""},"class_list":["post-49","page","type-page","status-publish","hentry"],"_links":{"self":[{"href":"https:\/\/romtur-poctefa.eu\/index.php?rest_route=\/wp\/v2\/pages\/49","targetHints":{"allow":["GET"]}}],"collection":[{"href":"https:\/\/romtur-poctefa.eu\/index.php?rest_route=\/wp\/v2\/pages"}],"about":[{"href":"https:\/\/romtur-poctefa.eu\/index.php?rest_route=\/wp\/v2\/types\/page"}],"author":[{"embeddable":true,"href":"https:\/\/romtur-poctefa.eu\/index.php?rest_route=\/wp\/v2\/users\/1"}],"replies":[{"embeddable":true,"href":"https:\/\/romtur-poctefa.eu\/index.php?rest_route=%2Fwp%2Fv2%2Fcomments&post=49"}],"version-history":[{"count":12,"href":"https:\/\/romtur-poctefa.eu\/index.php?rest_route=\/wp\/v2\/pages\/49\/revisions"}],"predecessor-version":[{"id":556,"href":"https:\/\/romtur-poctefa.eu\/index.php?rest_route=\/wp\/v2\/pages\/49\/revisions\/556"}],"wp:attachment":[{"href":"https:\/\/romtur-poctefa.eu\/index.php?rest_route=%2Fwp%2Fv2%2Fmedia&parent=49"}],"curies":[{"name":"wp","href":"https:\/\/api.w.org\/{rel}","templated":true}]}}