{"id":748,"date":"2025-06-26T09:50:06","date_gmt":"2025-06-26T08:50:06","guid":{"rendered":"https:\/\/romtur-poctefa.eu\/?page_id=748"},"modified":"2025-06-26T09:50:07","modified_gmt":"2025-06-26T08:50:07","slug":"monuments-2","status":"publish","type":"page","link":"https:\/\/romtur-poctefa.eu\/?page_id=748&lang=ca","title":{"rendered":"Monuments"},"content":{"rendered":"\n<hr class=\"wp-block-separator has-alpha-channel-opacity is-style-wide\"\/>\n\n\n\n<iframe frameborder=\"0\" src=\"https:\/\/www.google.com\/maps\/d\/u\/0\/embed?mid=1C9Mi-MDYlaOv2jTNEOqihdoaFRf0lWk&amp;ehbc=2E312F\" class=\"\" allowfullscreen style=\"width:100%;max-width:100%;height:320px\"><\/iframe>\n\n\n\n<table id=\"tablepress-3\" class=\"tablepress tablepress-id-3\">\n<thead>\n<tr class=\"row-1\">\n\t<th class=\"column-1\"><strong>Codi<\/strong><\/th><th class=\"column-2\"><strong>Regi\u00f3<\/strong><\/th><th class=\"column-3\"><strong>Monument<\/strong><\/th><th class=\"column-4\"><strong>Municipi<\/strong><\/th>\n<\/tr>\n<\/thead>\n<tbody class=\"row-striping row-hover\">\n<tr class=\"row-2\">\n\t<td class=\"column-1\"><\/td><td class=\"column-2\"><strong>Lleida + Catalunya central:<\/strong><\/td><td class=\"column-3\"><\/td><td class=\"column-4\"><\/td>\n<\/tr>\n<tr class=\"row-3\">\n\t<td class=\"column-1\">P1<\/td><td class=\"column-2\">Aran<\/td><td class=\"column-3\">Castell de Les o de Pijoert<\/td><td class=\"column-4\">Les<\/td>\n<\/tr>\n<tr class=\"row-4\">\n\t<td class=\"column-1\">P2<\/td><td class=\"column-2\">Alta Ribagor\u00e7a<\/td><td class=\"column-3\">Viu de Llevata<\/td><td class=\"column-4\">Pont de Suert<\/td>\n<\/tr>\n<tr class=\"row-5\">\n\t<td class=\"column-1\">P3<\/td><td class=\"column-2\">Pallars Sobir\u00e0<\/td><td class=\"column-3\">Santa Maria de Ginestarre<\/td><td class=\"column-4\">Esterri\u00a0de\u00a0Card\u00f3s<\/td>\n<\/tr>\n<tr class=\"row-6\">\n\t<td class=\"column-1\">P4<\/td><td class=\"column-2\">Pallars Sobir\u00e0<\/td><td class=\"column-3\">Sant Serni de Baiasca<\/td><td class=\"column-4\">Llevors\u00ed<\/td>\n<\/tr>\n<tr class=\"row-7\">\n\t<td class=\"column-1\">P5<\/td><td class=\"column-2\">Alt Urgell<\/td><td class=\"column-3\">Santa Maria de Castellb\u00f3<\/td><td class=\"column-4\">Montferrer i Castellb\u00f2<\/td>\n<\/tr>\n<tr class=\"row-8\">\n\t<td class=\"column-1\">P6<\/td><td class=\"column-2\">Pallars Juss\u00e0<\/td><td class=\"column-3\">Castell de Llord\u00e0<\/td><td class=\"column-4\">Llord\u00e0<\/td>\n<\/tr>\n<tr class=\"row-9\">\n\t<td class=\"column-1\">P7<\/td><td class=\"column-2\">Pallars Juss\u00e0<\/td><td class=\"column-3\">Santa Maria de Llimiana<\/td><td class=\"column-4\">Llimiana<\/td>\n<\/tr>\n<tr class=\"row-10\">\n\t<td class=\"column-1\">P8<\/td><td class=\"column-2\">Noguera<\/td><td class=\"column-3\">Col\u00b7legiata de Sant Pere de Ponts<\/td><td class=\"column-4\">Ponts<\/td>\n<\/tr>\n<tr class=\"row-11\">\n\t<td class=\"column-1\">P9<\/td><td class=\"column-2\">Noguera<\/td><td class=\"column-3\">Santa Maria del Castell de Cubells<\/td><td class=\"column-4\">Cubells<\/td>\n<\/tr>\n<tr class=\"row-12\">\n\t<td class=\"column-1\">P10<\/td><td class=\"column-2\">Solson\u00e8s<\/td><td class=\"column-3\">Torre de Vallferosa<\/td><td class=\"column-4\">Tor\u00e0<\/td>\n<\/tr>\n<tr class=\"row-13\">\n\t<td class=\"column-1\">P11<\/td><td class=\"column-2\">Solson\u00e8s<\/td><td class=\"column-3\">Sant Esteve d&#8217;Olius<\/td><td class=\"column-4\">Olius<\/td>\n<\/tr>\n<tr class=\"row-14\">\n\t<td class=\"column-1\">P12<\/td><td class=\"column-2\">Solson\u00e8s<\/td><td class=\"column-3\">Sant Pere de Graudescales<\/td><td class=\"column-4\">Nav\u00e8s<\/td>\n<\/tr>\n<tr class=\"row-15\">\n\t<td class=\"column-1\">P13<\/td><td class=\"column-2\">Bergued\u00e0<\/td><td class=\"column-3\">Monestir de Sant Jaume de Frontany\u00e0<\/td><td class=\"column-4\">Sant Jaume de Frontany\u00e0<\/td>\n<\/tr>\n<tr class=\"row-16\">\n\t<td class=\"column-1\">P14<\/td><td class=\"column-2\">Bergued\u00e0<\/td><td class=\"column-3\">Sant Quirze de Pedret<\/td><td class=\"column-4\">Cercs<\/td>\n<\/tr>\n<tr class=\"row-17\">\n\t<td class=\"column-1\">P15<\/td><td class=\"column-2\">Moian\u00e8s,<\/td><td class=\"column-3\">Monestir de Santa Maria de l&#8217;Estany<\/td><td class=\"column-4\">L&#8217;Estany<\/td>\n<\/tr>\n<tr class=\"row-18\">\n\t<td class=\"column-1\">P16<\/td><td class=\"column-2\">Osona<\/td><td class=\"column-3\">Sant Feliu de Savassona<\/td><td class=\"column-4\">Tav\u00e8rnoles<\/td>\n<\/tr>\n<tr class=\"row-19\">\n\t<td class=\"column-1\">P17<\/td><td class=\"column-2\">Osona<\/td><td class=\"column-3\">Can\u00f2nica de Sant Lloren\u00e7 del Munt<\/td><td class=\"column-4\">Sant Juli\u00e0 de Vilatorta<\/td>\n<\/tr>\n<tr class=\"row-20\">\n\t<td class=\"column-1\">P18<\/td><td class=\"column-2\">Llu\u00e7an\u00e8s<\/td><td class=\"column-3\">Monestir de Santa Maria de Llu\u00e7\u00e0<\/td><td class=\"column-4\">Llu\u00e7\u00e0<\/td>\n<\/tr>\n<tr class=\"row-21\">\n\t<td class=\"column-1\">P19<\/td><td class=\"column-2\">Llu\u00e7an\u00e8s<\/td><td class=\"column-3\">Cripta d&#8217;Orist\u00e0<\/td><td class=\"column-4\">Orist\u00e0<\/td>\n<\/tr>\n<tr class=\"row-22\">\n\t<td class=\"column-1\">P20<\/td><td class=\"column-2\">Bages<\/td><td class=\"column-3\">Sant Juli\u00e0 de Coaner<\/td><td class=\"column-4\">Sant Mateu de Bages<\/td>\n<\/tr>\n<tr class=\"row-23\">\n\t<td class=\"column-1\">P21<\/td><td class=\"column-2\">Bages<\/td><td class=\"column-3\">Sant Cugat del Rac\u00f3<\/td><td class=\"column-4\">Nav\u00e0s<\/td>\n<\/tr>\n<tr class=\"row-24\">\n\t<td class=\"column-1\">P22<\/td><td class=\"column-2\">Segri\u00e0<\/td><td class=\"column-3\">Can\u00f2nica de Sant Ruf de Lleida<\/td><td class=\"column-4\">Lleida<\/td>\n<\/tr>\n<tr class=\"row-25\">\n\t<td class=\"column-1\">P23<\/td><td class=\"column-2\">Urgell<\/td><td class=\"column-3\">Torre de la Gu\u00e0rdia de D\u00e9u<\/td><td class=\"column-4\">Tornabous<\/td>\n<\/tr>\n<tr class=\"row-26\">\n\t<td class=\"column-1\">P24<\/td><td class=\"column-2\">Segarra<\/td><td class=\"column-3\">Sant Pere el Gros<\/td><td class=\"column-4\">Cervera<\/td>\n<\/tr>\n<tr class=\"row-27\">\n\t<td class=\"column-1\">P25<\/td><td class=\"column-2\">Segarra<\/td><td class=\"column-3\">Mas de Bondia<\/td><td class=\"column-4\">Montorn\u00e9s<\/td>\n<\/tr>\n<tr class=\"row-28\">\n\t<td class=\"column-1\">P26<\/td><td class=\"column-2\">Anoia<\/td><td class=\"column-3\">Castell de Boixadors<\/td><td class=\"column-4\">Sant Pere Sallavinera<\/td>\n<\/tr>\n<tr class=\"row-29\">\n\t<td class=\"column-1\">P27<\/td><td class=\"column-2\">Alt Pened\u00e8s<\/td><td class=\"column-3\">Sant Sebasti\u00e0 dels Gorgs<\/td><td class=\"column-4\">Avinyonet del Pened\u00e8s<\/td>\n<\/tr>\n<tr class=\"row-30\">\n\t<td class=\"column-1\">P28<\/td><td class=\"column-2\">Vall\u00e8s Oriental<\/td><td class=\"column-3\">Santes Justa  i  Rufina<\/td><td class=\"column-4\">Lli\u00e7a d&#8217;Amunt<\/td>\n<\/tr>\n<tr class=\"row-31\">\n\t<td class=\"column-1\"><\/td><td class=\"column-2\">Girona:<\/td><td class=\"column-3\"><\/td><td class=\"column-4\"><\/td>\n<\/tr>\n<tr class=\"row-32\">\n\t<td class=\"column-1\">P29<\/td><td class=\"column-2\">Alt Empord\u00e0<\/td><td class=\"column-3\">Monestir de Sant Miquel de Fluvi\u00e0<\/td><td class=\"column-4\">Sant Miquel de Fluvi\u00e0<\/td>\n<\/tr>\n<tr class=\"row-33\">\n\t<td class=\"column-1\">P30<\/td><td class=\"column-2\">Alt Empord\u00e0<\/td><td class=\"column-3\">Sant Quirze de Colera<\/td><td class=\"column-4\">Rab\u00f3s<\/td>\n<\/tr>\n<tr class=\"row-34\">\n\t<td class=\"column-1\">P31<\/td><td class=\"column-2\">Baix Empord\u00e0<\/td><td class=\"column-3\">Sant Miquel de Cru\u00eflles<\/td><td class=\"column-4\">Cru\u00eflles, Monells i Sant Sadurn\u00ed de l&#8217;Heura<\/td>\n<\/tr>\n<tr class=\"row-35\">\n\t<td class=\"column-1\">P32<\/td><td class=\"column-2\">Ripoll\u00e8s<\/td><td class=\"column-3\">Castell de Mataplana i Sant Pere de Montgrony<\/td><td class=\"column-4\">Gombr\u00e8n<\/td>\n<\/tr>\n<tr class=\"row-36\">\n\t<td class=\"column-1\">P33<\/td><td class=\"column-2\">Garrotxa<\/td><td class=\"column-3\">Casa forta de Juviny\u00e0 + Monestir de Sant Joan les Fonts<\/td><td class=\"column-4\">Sant Joan Les Fonts<\/td>\n<\/tr>\n<tr class=\"row-37\">\n\t<td class=\"column-1\">P34<\/td><td class=\"column-2\">Garrotxa<\/td><td class=\"column-3\">Monestir del Sant Sepulcre de Palera<\/td><td class=\"column-4\">Beuda<\/td>\n<\/tr>\n<tr class=\"row-38\">\n\t<td class=\"column-1\">P35<\/td><td class=\"column-2\">La Selva<\/td><td class=\"column-3\">Sant Pere Cercada<\/td><td class=\"column-4\">Santa Coloma de Farners<\/td>\n<\/tr>\n<tr class=\"row-39\">\n\t<td class=\"column-1\"><\/td><td class=\"column-2\"><strong>Pyr\u00e9n\u00e9es Orientales<\/strong><\/td><td class=\"column-3\"><\/td><td class=\"column-4\"><\/td>\n<\/tr>\n<tr class=\"row-40\">\n\t<td class=\"column-1\">P36<\/td><td class=\"column-2\">Roussillon<\/td><td class=\"column-3\">\u00c9glise Sainte-Marie d&#8217;Espira-de-l&#8217;Agly \/ Esgl\u00e9sia Santa Maria de l\u2019Espir\u00e0 de l\u2019Agl\u00ed<\/td><td class=\"column-4\">Espira-de-l&#8217;Agly \/ Espir\u00e0 de l&#8217;Agl\u00ed<\/td>\n<\/tr>\n<tr class=\"row-41\">\n\t<td class=\"column-1\">P37<\/td><td class=\"column-2\">Roussillon<\/td><td class=\"column-3\">\u00c9glise Saint-Martin-et-Sainte-Croix de Taxo d&#8217;Avall \/ Esgl\u00e9sia Sant Mart\u00ed i Santa Creu de Tatz\u00f3 d\u2019Avall<\/td><td class=\"column-4\">Taxo d&#8217;Avall (Argel\u00e8s-sur-Mer) \/ Tatz\u00f3 d\u2019Avall (Argelers )<\/td>\n<\/tr>\n<tr class=\"row-42\">\n\t<td class=\"column-1\">P38<\/td><td class=\"column-2\">Roussillon-Aspres<\/td><td class=\"column-3\">\u00c9glise Saint-Saturnin de Montauriol \/ Esgl\u00e9sia Sant Sadurn\u00ed de Montoriol d&#8217;Avall<\/td><td class=\"column-4\">Montauriol \/ Montoriol<\/td>\n<\/tr>\n<tr class=\"row-43\">\n\t<td class=\"column-1\">P39<\/td><td class=\"column-2\">Roussillon-Aspres<\/td><td class=\"column-3\">\u00c9glise Sainte-Marie du Monastir del Camp \/ Esgl\u00e9sia Santa Maria del Camp o Monestir del Camp<\/td><td class=\"column-4\">Passa \/ Pa\u00e7\u00e0<\/td>\n<\/tr>\n<tr class=\"row-44\">\n\t<td class=\"column-1\">P40<\/td><td class=\"column-2\">Roussillon-Aspres<\/td><td class=\"column-3\">\u00c9glise Sainte-Marie de Fontcouverte \/ Esgl\u00e9sia Santa Maria de Fontcoberta<\/td><td class=\"column-4\">Caixas \/ Queix\u00e0s<\/td>\n<\/tr>\n<tr class=\"row-45\">\n\t<td class=\"column-1\">P41<\/td><td class=\"column-2\">Vallespir<\/td><td class=\"column-3\">\u00c9glise Sainte-Marie de Coustouges \/ Esgl\u00e9sia Santa Maria de Costoja<\/td><td class=\"column-4\">Coustouges \/ Costoja<\/td>\n<\/tr>\n<tr class=\"row-46\">\n\t<td class=\"column-1\">P42<\/td><td class=\"column-2\">Vallespir<\/td><td class=\"column-3\">\u00c9glise Sainte-Marie de Serralongue \/ Esgl\u00e9sia Santa Maria de Serralonga<\/td><td class=\"column-4\">Serralongue \/ Serralonga<\/td>\n<\/tr>\n<tr class=\"row-47\">\n\t<td class=\"column-1\">P43<\/td><td class=\"column-2\">Roussillon-Aspres<\/td><td class=\"column-3\">\u00c9glise Saint-Jean d&#8217;Oms \/ Esgl\u00e9sia Sant Joan Evangelista d&#8217;Oms<\/td><td class=\"column-4\">Oms<\/td>\n<\/tr>\n<tr class=\"row-48\">\n\t<td class=\"column-1\">P44<\/td><td class=\"column-2\">Roussillon-Aspres<\/td><td class=\"column-3\">\u00c9glise Saint-F\u00e9lix de Calmeilles \/ Esgl\u00e9sia Sant Feliu de Calmella<\/td><td class=\"column-4\">Calmeilles \/ Calmella<\/td>\n<\/tr>\n<tr class=\"row-49\">\n\t<td class=\"column-1\">P45<\/td><td class=\"column-2\">Conflent<\/td><td class=\"column-3\">\u00c9glise Sainte-Marie de Corneilla-de-Conflent \/ Esgl\u00e9sia Santa Maria de Cornell\u00e0 de Conflent<\/td><td class=\"column-4\">Corneilla-de-Conflent \/ Cornell\u00e0 de Conflent<\/td>\n<\/tr>\n<tr class=\"row-50\">\n\t<td class=\"column-1\">P46<\/td><td class=\"column-2\">Conflent<\/td><td class=\"column-3\">\u00c9glise Saint-Christophe de Llugols \/ Esgl\u00e9sia Sant Crist\u00f2fol de Ll\u00fagols<\/td><td class=\"column-4\">Ria-Sirach \/ Ri\u00e0 i Cirac<\/td>\n<\/tr>\n<tr class=\"row-51\">\n\t<td class=\"column-1\">P47<\/td><td class=\"column-2\">Conflent<\/td><td class=\"column-3\">\u00c9glise Saint-Jean-Baptiste de Conat et ch\u00e2teau de Conat \/ Esgl\u00e9sia Sant Joan Baptista de Conat i castell de Conat<\/td><td class=\"column-4\">Conat<\/td>\n<\/tr>\n<tr class=\"row-52\">\n\t<td class=\"column-1\">P48<\/td><td class=\"column-2\">Conflent<\/td><td class=\"column-3\">\u00c9glise Sainte-Marie de Domanova et ch\u00e2teau de Rod\u00e8s \/ Esgl\u00e9sia Nostra Senyora de Domanova i castell de Rod\u00e8s<\/td><td class=\"column-4\">Rod\u00e8s<\/td>\n<\/tr>\n<tr class=\"row-53\">\n\t<td class=\"column-1\">P49<\/td><td class=\"column-2\">Capcir<\/td><td class=\"column-3\">\u00c9glise Saint-Romain de R\u00e9al \/ Esgl\u00e9sia Sant Rom\u00e0 de Real<\/td><td class=\"column-4\">R\u00e9al \/ Real o Ral<\/td>\n<\/tr>\n<tr class=\"row-54\">\n\t<td class=\"column-1\">P50<\/td><td class=\"column-2\">Capcir<\/td><td class=\"column-3\">Ch\u00e2teau de Creu \/ Castell de Creu<\/td><td class=\"column-4\">Creu (Matemale) \/ Creu (Matamala)<\/td>\n<\/tr>\n<tr class=\"row-55\">\n\t<td class=\"column-1\">P51<\/td><td class=\"column-2\">Cerdagne<\/td><td class=\"column-3\">\u00c9glise Saint-Andr\u00e9 d&#8217;Angoustrine \/ Esgl\u00e9sia Sant Andreu d&#8217;Angostrina<\/td><td class=\"column-4\">Angoustrine-Villeneuve-des-Escaldes \/ Angostrina i Vilanova de les Escaldes<\/td>\n<\/tr>\n<tr class=\"row-56\">\n\t<td class=\"column-1\">P52<\/td><td class=\"column-2\">Cerdagne<\/td><td class=\"column-3\">\u00c9glise Notre-Dame-de-la-Merci de Plan\u00e8s \/ Esgl\u00e9sia Santa Maria o de la Merc\u00e8 de Plan\u00e8s<\/td><td class=\"column-4\">Plan\u00e8s<\/td>\n<\/tr>\n<tr class=\"row-57\">\n\t<td class=\"column-1\">P53<\/td><td class=\"column-2\">Cerdagne<\/td><td class=\"column-3\">\u00c9glise Saint-Romain de Cald\u00e9gas \/ Esgl\u00e9sia Sant Rom\u00e0 de C\u00e0ldegues<\/td><td class=\"column-4\">Cald\u00e9gas (Bourg-Madame) \/ C\u00e0ldegues (La Guingueta d&#8217;Ix)<\/td>\n<\/tr>\n<tr class=\"row-58\">\n\t<td class=\"column-1\">P54<\/td><td class=\"column-2\">Cerdagne<\/td><td class=\"column-3\">\u00c9glise Saint-Martin d&#8217;Hix et palais comtal d&#8217;Hix \/ Esgl\u00e9sia Sant Mart\u00ed d&#8217;Ix i Casal o palau comtal d\u2019Ix<\/td><td class=\"column-4\">Bourg-Madame \/ La Guingueta d&#8217;Ix<\/td>\n<\/tr>\n<tr class=\"row-59\">\n\t<td class=\"column-1\">P55<\/td><td class=\"column-2\">Cerdagne<\/td><td class=\"column-3\">\u00c9glise Saint-Fructueux de Llo, Ch\u00e2teau et ancien ch\u00e2teau de Llo \/ Esgl\u00e9sia Sant Fructu\u00f3s de Llo, Castell  i Castell vell de Llo<\/td><td class=\"column-4\">Llo<\/td>\n<\/tr>\n<\/tbody>\n<\/table>\n","protected":false},"excerpt":{"rendered":"","protected":false},"author":1,"featured_media":0,"parent":0,"menu_order":0,"comment_status":"closed","ping_status":"closed","template":"","meta":{"footnotes":""},"class_list":["post-748","page","type-page","status-publish","hentry"],"_links":{"self":[{"href":"https:\/\/romtur-poctefa.eu\/index.php?rest_route=\/wp\/v2\/pages\/748","targetHints":{"allow":["GET"]}}],"collection":[{"href":"https:\/\/romtur-poctefa.eu\/index.php?rest_route=\/wp\/v2\/pages"}],"about":[{"href":"https:\/\/romtur-poctefa.eu\/index.php?rest_route=\/wp\/v2\/types\/page"}],"author":[{"embeddable":true,"href":"https:\/\/romtur-poctefa.eu\/index.php?rest_route=\/wp\/v2\/users\/1"}],"replies":[{"embeddable":true,"href":"https:\/\/romtur-poctefa.eu\/index.php?rest_route=%2Fwp%2Fv2%2Fcomments&post=748"}],"version-history":[{"count":4,"href":"https:\/\/romtur-poctefa.eu\/index.php?rest_route=\/wp\/v2\/pages\/748\/revisions"}],"predecessor-version":[{"id":916,"href":"https:\/\/romtur-poctefa.eu\/index.php?rest_route=\/wp\/v2\/pages\/748\/revisions\/916"}],"wp:attachment":[{"href":"https:\/\/romtur-poctefa.eu\/index.php?rest_route=%2Fwp%2Fv2%2Fmedia&parent=748"}],"curies":[{"name":"wp","href":"https:\/\/api.w.org\/{rel}","templated":true}]}}