{"id":779,"date":"2025-06-26T10:13:32","date_gmt":"2025-06-26T09:13:32","guid":{"rendered":"https:\/\/romtur-poctefa.eu\/?page_id=779"},"modified":"2025-06-26T10:13:32","modified_gmt":"2025-06-26T09:13:32","slug":"noticies","status":"publish","type":"page","link":"https:\/\/romtur-poctefa.eu\/?page_id=779&lang=ca","title":{"rendered":"Not\u00edcies"},"content":{"rendered":"\n<hr class=\"wp-block-separator has-alpha-channel-opacity is-style-wide\"\/>\n\n\n\n<div class=\"wp-block-query is-layout-flow wp-block-query-is-layout-flow\"><ul class=\"wp-block-post-template is-layout-flow wp-block-post-template-is-layout-flow\"><li class=\"wp-block-post post-1279 post type-post status-publish format-standard has-post-thumbnail hentry category-noticias-ca tag-ivy-ca\">\n<figure class=\"wp-block-post-featured-image\"><img loading=\"lazy\" decoding=\"async\" width=\"900\" height=\"1170\" src=\"https:\/\/romtur-poctefa.eu\/wp-content\/uploads\/2026\/04\/72404-scaled-e1775822267189.jpg\" class=\"attachment-post-thumbnail size-post-thumbnail wp-post-image\" alt=\"\" style=\"object-fit:cover;\" srcset=\"https:\/\/romtur-poctefa.eu\/wp-content\/uploads\/2026\/04\/72404-scaled-e1775822267189.jpg 900w, https:\/\/romtur-poctefa.eu\/wp-content\/uploads\/2026\/04\/72404-scaled-e1775822267189-231x300.jpg 231w, https:\/\/romtur-poctefa.eu\/wp-content\/uploads\/2026\/04\/72404-scaled-e1775822267189-788x1024.jpg 788w, https:\/\/romtur-poctefa.eu\/wp-content\/uploads\/2026\/04\/72404-scaled-e1775822267189-768x998.jpg 768w\" sizes=\"auto, (max-width: 900px) 100vw, 900px\" \/><\/figure>\n\n<h3 class=\"wp-block-post-title\"><a href=\"https:\/\/romtur-poctefa.eu\/?p=1279&#038;lang=ca\" target=\"_self\" >Nova volunt\u00e0ria IVY a Romtur<\/a><\/h3>\n\n<div class=\"wp-block-post-date has-small-font-size\"><time datetime=\"2026-04-10T12:55:21+01:00\">10 de abril de 2026<\/time><\/div>\n\n<div class=\"wp-block-post-excerpt has-medium-font-size\"><p class=\"wp-block-post-excerpt__excerpt\">Donem la benvinguda a Anna Carpintero, la nostra volunt\u00e0ria del <a class=\"wp-block-post-excerpt__more-link\" href=\"https:\/\/romtur-poctefa.eu\/?p=1279&#038;lang=ca\"><strong>Ampliar noticia.<\/strong><\/a><\/p><\/div>\n\n\n<hr class=\"wp-block-separator has-alpha-channel-opacity is-style-dots\"\/>\n\n<\/li><li class=\"wp-block-post post-1277 post type-post status-publish format-standard has-post-thumbnail hentry category-noticias-fr tag-interreg-fr tag-ivy-fr\">\n<figure class=\"wp-block-post-featured-image\"><img loading=\"lazy\" decoding=\"async\" width=\"900\" height=\"1170\" src=\"https:\/\/romtur-poctefa.eu\/wp-content\/uploads\/2026\/04\/72404-scaled-e1775822267189.jpg\" class=\"attachment-post-thumbnail size-post-thumbnail wp-post-image\" alt=\"\" style=\"object-fit:cover;\" srcset=\"https:\/\/romtur-poctefa.eu\/wp-content\/uploads\/2026\/04\/72404-scaled-e1775822267189.jpg 900w, https:\/\/romtur-poctefa.eu\/wp-content\/uploads\/2026\/04\/72404-scaled-e1775822267189-231x300.jpg 231w, https:\/\/romtur-poctefa.eu\/wp-content\/uploads\/2026\/04\/72404-scaled-e1775822267189-788x1024.jpg 788w, https:\/\/romtur-poctefa.eu\/wp-content\/uploads\/2026\/04\/72404-scaled-e1775822267189-768x998.jpg 768w\" sizes=\"auto, (max-width: 900px) 100vw, 900px\" \/><\/figure>\n\n<h3 class=\"wp-block-post-title\"><a href=\"https:\/\/romtur-poctefa.eu\/?p=1277&#038;lang=fr\" target=\"_self\" >Nouvelle volontaire IVY chez ROMTUR<\/a><\/h3>\n\n<div class=\"wp-block-post-date has-small-font-size\"><time datetime=\"2026-04-10T12:54:42+01:00\">10 de abril de 2026<\/time><\/div>\n\n<div class=\"wp-block-post-excerpt has-medium-font-size\"><p class=\"wp-block-post-excerpt__excerpt\">Nous sommes ravis d\u2019accueillir Anna Carpintero, notre volontaire du programme <a class=\"wp-block-post-excerpt__more-link\" href=\"https:\/\/romtur-poctefa.eu\/?p=1277&#038;lang=fr\"><strong>Ampliar noticia.<\/strong><\/a><\/p><\/div>\n\n\n<hr class=\"wp-block-separator has-alpha-channel-opacity is-style-dots\"\/>\n\n<\/li><li class=\"wp-block-post post-1274 post type-post status-publish format-standard has-post-thumbnail hentry category-noticias tag-interreg-ivy\">\n<figure class=\"wp-block-post-featured-image\"><img loading=\"lazy\" decoding=\"async\" width=\"900\" height=\"1170\" src=\"https:\/\/romtur-poctefa.eu\/wp-content\/uploads\/2026\/04\/72404-scaled-e1775822267189.jpg\" class=\"attachment-post-thumbnail size-post-thumbnail wp-post-image\" alt=\"\" style=\"object-fit:cover;\" srcset=\"https:\/\/romtur-poctefa.eu\/wp-content\/uploads\/2026\/04\/72404-scaled-e1775822267189.jpg 900w, https:\/\/romtur-poctefa.eu\/wp-content\/uploads\/2026\/04\/72404-scaled-e1775822267189-231x300.jpg 231w, https:\/\/romtur-poctefa.eu\/wp-content\/uploads\/2026\/04\/72404-scaled-e1775822267189-788x1024.jpg 788w, https:\/\/romtur-poctefa.eu\/wp-content\/uploads\/2026\/04\/72404-scaled-e1775822267189-768x998.jpg 768w\" sizes=\"auto, (max-width: 900px) 100vw, 900px\" \/><\/figure>\n\n<h3 class=\"wp-block-post-title\"><a href=\"https:\/\/romtur-poctefa.eu\/?p=1274\" target=\"_self\" >Nueva voluntaria IVY en ROMTUR<\/a><\/h3>\n\n<div class=\"wp-block-post-date has-small-font-size\"><time datetime=\"2026-04-10T12:53:57+01:00\">10 de abril de 2026<\/time><\/div>\n\n<div class=\"wp-block-post-excerpt has-medium-font-size\"><p class=\"wp-block-post-excerpt__excerpt\">Damos la bienvenida a Anna Carpintero, nuestra voluntaria del programa <a class=\"wp-block-post-excerpt__more-link\" href=\"https:\/\/romtur-poctefa.eu\/?p=1274\"><strong>Ampliar noticia.<\/strong><\/a><\/p><\/div>\n\n\n<hr class=\"wp-block-separator has-alpha-channel-opacity is-style-dots\"\/>\n\n<\/li><li class=\"wp-block-post post-1272 post type-post status-publish format-standard has-post-thumbnail hentry category-noticias-ca tag-art tag-turalcat-ca tag-universitat-de-lleida-ca\">\n<figure class=\"wp-block-post-featured-image\"><img loading=\"lazy\" decoding=\"async\" width=\"1920\" height=\"1563\" src=\"https:\/\/romtur-poctefa.eu\/wp-content\/uploads\/2026\/04\/IMG_20260317_114456ridimensionata-scaled-e1775820433438.jpg\" class=\"attachment-post-thumbnail size-post-thumbnail wp-post-image\" alt=\"\" style=\"object-fit:cover;\" srcset=\"https:\/\/romtur-poctefa.eu\/wp-content\/uploads\/2026\/04\/IMG_20260317_114456ridimensionata-scaled-e1775820433438.jpg 1920w, https:\/\/romtur-poctefa.eu\/wp-content\/uploads\/2026\/04\/IMG_20260317_114456ridimensionata-scaled-e1775820433438-300x244.jpg 300w, https:\/\/romtur-poctefa.eu\/wp-content\/uploads\/2026\/04\/IMG_20260317_114456ridimensionata-scaled-e1775820433438-1024x834.jpg 1024w, https:\/\/romtur-poctefa.eu\/wp-content\/uploads\/2026\/04\/IMG_20260317_114456ridimensionata-scaled-e1775820433438-768x625.jpg 768w, https:\/\/romtur-poctefa.eu\/wp-content\/uploads\/2026\/04\/IMG_20260317_114456ridimensionata-scaled-e1775820433438-1536x1250.jpg 1536w\" sizes=\"auto, (max-width: 1920px) 100vw, 1920px\" \/><\/figure>\n\n<h3 class=\"wp-block-post-title\"><a href=\"https:\/\/romtur-poctefa.eu\/?p=1272&#038;lang=ca\" target=\"_self\" >Treball de camp a Ponts<\/a><\/h3>\n\n<div class=\"wp-block-post-date has-small-font-size\"><time datetime=\"2026-04-10T12:26:17+01:00\">10 de abril de 2026<\/time><\/div>\n\n<div class=\"wp-block-post-excerpt has-medium-font-size\"><p class=\"wp-block-post-excerpt__excerpt\">El 17 de mar\u00e7, un equip format per Mart\u00ed Vilamaj\u00f3 <a class=\"wp-block-post-excerpt__more-link\" href=\"https:\/\/romtur-poctefa.eu\/?p=1272&#038;lang=ca\"><strong>Ampliar noticia.<\/strong><\/a><\/p><\/div>\n\n\n<hr class=\"wp-block-separator has-alpha-channel-opacity is-style-dots\"\/>\n\n<\/li><\/ul>\n\n<nav class=\"wp-block-query-pagination is-layout-flex wp-block-query-pagination-is-layout-flex\" aria-label=\"Paginaci\u00f3n\">\n\n\n<div class=\"wp-block-query-pagination-numbers\"><span aria-current=\"page\" class=\"page-numbers current\">1<\/span>\n<a class=\"page-numbers\" href=\"?query-6-page=2&#038;rest_route=%2Fwp%2Fv2%2Fpages%2F779\">2<\/a>\n<a class=\"page-numbers\" href=\"?query-6-page=3&#038;rest_route=%2Fwp%2Fv2%2Fpages%2F779\">3<\/a>\n<span class=\"page-numbers dots\">&hellip;<\/span>\n<a class=\"page-numbers\" href=\"?query-6-page=33&#038;rest_route=%2Fwp%2Fv2%2Fpages%2F779\">33<\/a><\/div>\n\n<a href=\"\/index.php?rest_route=%2Fwp%2Fv2%2Fpages%2F779&#038;query-6-page=2\" class=\"wp-block-query-pagination-next\">P\u00e1gina siguiente<\/a>\n<\/nav>\n\n<\/div>\n","protected":false},"excerpt":{"rendered":"","protected":false},"author":1,"featured_media":0,"parent":0,"menu_order":0,"comment_status":"closed","ping_status":"closed","template":"","meta":{"footnotes":""},"class_list":["post-779","page","type-page","status-publish","hentry"],"_links":{"self":[{"href":"https:\/\/romtur-poctefa.eu\/index.php?rest_route=\/wp\/v2\/pages\/779","targetHints":{"allow":["GET"]}}],"collection":[{"href":"https:\/\/romtur-poctefa.eu\/index.php?rest_route=\/wp\/v2\/pages"}],"about":[{"href":"https:\/\/romtur-poctefa.eu\/index.php?rest_route=\/wp\/v2\/types\/page"}],"author":[{"embeddable":true,"href":"https:\/\/romtur-poctefa.eu\/index.php?rest_route=\/wp\/v2\/users\/1"}],"replies":[{"embeddable":true,"href":"https:\/\/romtur-poctefa.eu\/index.php?rest_route=%2Fwp%2Fv2%2Fcomments&post=779"}],"version-history":[{"count":1,"href":"https:\/\/romtur-poctefa.eu\/index.php?rest_route=\/wp\/v2\/pages\/779\/revisions"}],"predecessor-version":[{"id":780,"href":"https:\/\/romtur-poctefa.eu\/index.php?rest_route=\/wp\/v2\/pages\/779\/revisions\/780"}],"wp:attachment":[{"href":"https:\/\/romtur-poctefa.eu\/index.php?rest_route=%2Fwp%2Fv2%2Fmedia&parent=779"}],"curies":[{"name":"wp","href":"https:\/\/api.w.org\/{rel}","templated":true}]}}